{"id":51,"date":"2026-04-08T16:23:19","date_gmt":"2026-04-08T16:23:19","guid":{"rendered":"https:\/\/yoxoh.com\/?post_type=product&#038;p=51"},"modified":"2026-04-12T18:44:53","modified_gmt":"2026-04-12T18:44:53","slug":"club-petanque","status":"publish","type":"product","link":"https:\/\/yoxoh.com\/index.php\/produit\/club-petanque\/","title":{"rendered":"T-Shirt Club P\u00e9tanque"},"content":{"rendered":"<p data-start=\"549\" data-end=\"809\">C\u00f4t\u00e9 coupe et mati\u00e8re :<br data-start=\"601\" data-end=\"604\" \/>confectionn\u00e9 en <strong data-start=\"620\" data-end=\"643\">100% coton Ringspun<\/strong>, il offre un toucher doux et confortable d\u00e8s le premier port\u00e9.<br \/>\nSon <strong data-start=\"711\" data-end=\"735\">grammage de 190 g\/m\u00b2<\/strong> assure une belle tenue dans le temps, avec un tomb\u00e9 structur\u00e9 et durable.<\/p>\n<p data-start=\"811\" data-end=\"899\">Un essentiel, version YOXOH : du style, du caract\u00e8re, et un l\u00e9ger parfum de comp\u00e9tition.<\/p>\n","protected":false},"excerpt":{"rendered":"<p data-start=\"125\" data-end=\"270\"><strong>Rejoignez le club !<\/strong><br data-start=\"143\" data-end=\"146\" \/>Celui o\u00f9 le cochonnet est sacr\u00e9, o\u00f9 chaque lancer compte, et o\u00f9 l\u2019\u00e9l\u00e9gance se joue aussi bien sur le terrain qu\u2019en terrasse.<\/p>\n<p data-start=\"272\" data-end=\"495\">Le t-shirt <strong data-start=\"283\" data-end=\"300\">Club P\u00e9tanque<\/strong> c\u00e9l\u00e8bre les passionn\u00e9s \u2014 joueurs du dimanche, strat\u00e8ges du gravier ou rois de l\u2019ap\u00e9ro prolong\u00e9. Une pi\u00e8ce pens\u00e9e pour ceux qui savent que la p\u00e9tanque est plus qu\u2019un jeu : c\u2019est un \u00e9tat d\u2019esprit.<\/p>\n<p data-start=\"497\" data-end=\"547\"><strong>\u00c0 s\u2019offrir ou \u00e0 offrir \u00e0 un passionn\u00e9 de p\u00e9tanque.<\/strong><\/p>\n","protected":false},"featured_media":196,"comment_status":"open","ping_status":"closed","template":"","meta":{"site-sidebar-layout":"default","site-content-layout":"","ast-site-content-layout":"default","site-content-style":"default","site-sidebar-style":"default","ast-global-header-display":"","ast-banner-title-visibility":"","ast-main-header-display":"","ast-hfb-above-header-display":"","ast-hfb-below-header-display":"","ast-hfb-mobile-header-display":"","site-post-title":"","ast-breadcrumbs-content":"","ast-featured-img":"","footer-sml-layout":"","ast-disable-related-posts":"","theme-transparent-header-meta":"default","adv-header-id-meta":"","stick-header-meta":"","header-above-stick-meta":"","header-main-stick-meta":"","header-below-stick-meta":"","astra-migrate-meta-layouts":"set","ast-page-background-enabled":"default","ast-page-background-meta":{"desktop":{"background-color":"var(--ast-global-color-5)","background-image":"","background-repeat":"repeat","background-position":"center center","background-size":"auto","background-attachment":"scroll","background-type":"","background-media":"","overlay-type":"","overlay-color":"","overlay-opacity":"","overlay-gradient":""},"tablet":{"background-color":"","background-image":"","background-repeat":"repeat","background-position":"center center","background-size":"auto","background-attachment":"scroll","background-type":"","background-media":"","overlay-type":"","overlay-color":"","overlay-opacity":"","overlay-gradient":""},"mobile":{"background-color":"","background-image":"","background-repeat":"repeat","background-position":"center center","background-size":"auto","background-attachment":"scroll","background-type":"","background-media":"","overlay-type":"","overlay-color":"","overlay-opacity":"","overlay-gradient":""}},"ast-content-background-meta":{"desktop":{"background-color":"var(--ast-global-color-4)","background-image":"","background-repeat":"repeat","background-position":"center center","background-size":"auto","background-attachment":"scroll","background-type":"","background-media":"","overlay-type":"","overlay-color":"","overlay-opacity":"","overlay-gradient":""},"tablet":{"background-color":"var(--ast-global-color-4)","background-image":"","background-repeat":"repeat","background-position":"center center","background-size":"auto","background-attachment":"scroll","background-type":"","background-media":"","overlay-type":"","overlay-color":"","overlay-opacity":"","overlay-gradient":""},"mobile":{"background-color":"var(--ast-global-color-4)","background-image":"","background-repeat":"repeat","background-position":"center center","background-size":"auto","background-attachment":"scroll","background-type":"","background-media":"","overlay-type":"","overlay-color":"","overlay-opacity":"","overlay-gradient":""}}},"product_brand":[],"product_cat":[16],"product_tag":[],"class_list":{"0":"post-51","1":"product","2":"type-product","3":"status-publish","4":"has-post-thumbnail","6":"product_cat-t-shirt","7":"desktop-align-left","8":"tablet-align-left","9":"mobile-align-left","11":"first","12":"instock","13":"shipping-taxable","14":"purchasable","15":"product-type-variable"},"jetpack_sharing_enabled":true,"_links":{"self":[{"href":"https:\/\/yoxoh.com\/index.php\/wp-json\/wp\/v2\/product\/51","targetHints":{"allow":["GET"]}}],"collection":[{"href":"https:\/\/yoxoh.com\/index.php\/wp-json\/wp\/v2\/product"}],"about":[{"href":"https:\/\/yoxoh.com\/index.php\/wp-json\/wp\/v2\/types\/product"}],"replies":[{"embeddable":true,"href":"https:\/\/yoxoh.com\/index.php\/wp-json\/wp\/v2\/comments?post=51"}],"wp:featuredmedia":[{"embeddable":true,"href":"https:\/\/yoxoh.com\/index.php\/wp-json\/wp\/v2\/media\/196"}],"wp:attachment":[{"href":"https:\/\/yoxoh.com\/index.php\/wp-json\/wp\/v2\/media?parent=51"}],"wp:term":[{"taxonomy":"product_brand","embeddable":true,"href":"https:\/\/yoxoh.com\/index.php\/wp-json\/wp\/v2\/product_brand?post=51"},{"taxonomy":"product_cat","embeddable":true,"href":"https:\/\/yoxoh.com\/index.php\/wp-json\/wp\/v2\/product_cat?post=51"},{"taxonomy":"product_tag","embeddable":true,"href":"https:\/\/yoxoh.com\/index.php\/wp-json\/wp\/v2\/product_tag?post=51"}],"curies":[{"name":"wp","href":"https:\/\/api.w.org\/{rel}","templated":true}]}}