{"id":170,"date":"2026-04-10T07:24:02","date_gmt":"2026-04-10T07:24:02","guid":{"rendered":"https:\/\/yoxoh.com\/?post_type=product&#038;p=170"},"modified":"2026-04-12T18:09:28","modified_gmt":"2026-04-12T18:09:28","slug":"ts-club-gravel","status":"publish","type":"product","link":"https:\/\/yoxoh.com\/index.php\/produit\/ts-club-gravel\/","title":{"rendered":"T-Shirt Club Gravel"},"content":{"rendered":"<p data-start=\"597\" data-end=\"751\">C\u00f4t\u00e9 coupe et mati\u00e8re :<br data-start=\"1086\" data-end=\"1089\" \/>100% coton Ringspun pour un confort naturel au quotidien.<br data-start=\"1146\" data-end=\"1149\" \/>190 g\/m\u00b2 pour une r\u00e9sistance solide, sortie apr\u00e8s sortie.<\/p>\n","protected":false},"excerpt":{"rendered":"<p data-start=\"721\" data-end=\"836\"><strong>Rejoignez le club.<\/strong><br data-start=\"739\" data-end=\"742\" \/>Celui des routes oubli\u00e9es, des chemins impr\u00e9vus et des trajectoires jamais totalement trac\u00e9es.<\/p>\n<p data-start=\"838\" data-end=\"997\">Le t-shirt <strong data-start=\"849\" data-end=\"864\">Club Gravel<\/strong> s\u2019adresse \u00e0 ceux qui pr\u00e9f\u00e8rent l\u2019aventure \u00e0 la ligne droite, la poussi\u00e8re \u00e0 l\u2019asphalte parfait, et la libert\u00e9 \u00e0 la performance pure.<\/p>\n<p data-start=\"999\" data-end=\"1061\"><strong>\u00c0 s\u2019offrir ou \u00e0 offrir \u00e0 celui qui choisit toujours le d\u00e9tour.<\/strong><\/p>\n<p data-start=\"165\" data-end=\"292\">\n","protected":false},"featured_media":202,"comment_status":"open","ping_status":"closed","template":"","meta":{"site-sidebar-layout":"default","site-content-layout":"","ast-site-content-layout":"default","site-content-style":"default","site-sidebar-style":"default","ast-global-header-display":"","ast-banner-title-visibility":"","ast-main-header-display":"","ast-hfb-above-header-display":"","ast-hfb-below-header-display":"","ast-hfb-mobile-header-display":"","site-post-title":"","ast-breadcrumbs-content":"","ast-featured-img":"","footer-sml-layout":"","ast-disable-related-posts":"","theme-transparent-header-meta":"default","adv-header-id-meta":"","stick-header-meta":"","header-above-stick-meta":"","header-main-stick-meta":"","header-below-stick-meta":"","astra-migrate-meta-layouts":"set","ast-page-background-enabled":"default","ast-page-background-meta":{"desktop":{"background-color":"var(--ast-global-color-5)","background-image":"","background-repeat":"repeat","background-position":"center center","background-size":"auto","background-attachment":"scroll","background-type":"","background-media":"","overlay-type":"","overlay-color":"","overlay-opacity":"","overlay-gradient":""},"tablet":{"background-color":"","background-image":"","background-repeat":"repeat","background-position":"center center","background-size":"auto","background-attachment":"scroll","background-type":"","background-media":"","overlay-type":"","overlay-color":"","overlay-opacity":"","overlay-gradient":""},"mobile":{"background-color":"","background-image":"","background-repeat":"repeat","background-position":"center center","background-size":"auto","background-attachment":"scroll","background-type":"","background-media":"","overlay-type":"","overlay-color":"","overlay-opacity":"","overlay-gradient":""}},"ast-content-background-meta":{"desktop":{"background-color":"var(--ast-global-color-4)","background-image":"","background-repeat":"repeat","background-position":"center center","background-size":"auto","background-attachment":"scroll","background-type":"","background-media":"","overlay-type":"","overlay-color":"","overlay-opacity":"","overlay-gradient":""},"tablet":{"background-color":"var(--ast-global-color-4)","background-image":"","background-repeat":"repeat","background-position":"center center","background-size":"auto","background-attachment":"scroll","background-type":"","background-media":"","overlay-type":"","overlay-color":"","overlay-opacity":"","overlay-gradient":""},"mobile":{"background-color":"var(--ast-global-color-4)","background-image":"","background-repeat":"repeat","background-position":"center center","background-size":"auto","background-attachment":"scroll","background-type":"","background-media":"","overlay-type":"","overlay-color":"","overlay-opacity":"","overlay-gradient":""}}},"product_brand":[],"product_cat":[16],"product_tag":[],"class_list":{"0":"post-170","1":"product","2":"type-product","3":"status-publish","4":"has-post-thumbnail","6":"product_cat-t-shirt","7":"desktop-align-left","8":"tablet-align-left","9":"mobile-align-left","11":"first","12":"instock","13":"shipping-taxable","14":"purchasable","15":"product-type-variable"},"jetpack_sharing_enabled":true,"_links":{"self":[{"href":"https:\/\/yoxoh.com\/index.php\/wp-json\/wp\/v2\/product\/170","targetHints":{"allow":["GET"]}}],"collection":[{"href":"https:\/\/yoxoh.com\/index.php\/wp-json\/wp\/v2\/product"}],"about":[{"href":"https:\/\/yoxoh.com\/index.php\/wp-json\/wp\/v2\/types\/product"}],"replies":[{"embeddable":true,"href":"https:\/\/yoxoh.com\/index.php\/wp-json\/wp\/v2\/comments?post=170"}],"wp:featuredmedia":[{"embeddable":true,"href":"https:\/\/yoxoh.com\/index.php\/wp-json\/wp\/v2\/media\/202"}],"wp:attachment":[{"href":"https:\/\/yoxoh.com\/index.php\/wp-json\/wp\/v2\/media?parent=170"}],"wp:term":[{"taxonomy":"product_brand","embeddable":true,"href":"https:\/\/yoxoh.com\/index.php\/wp-json\/wp\/v2\/product_brand?post=170"},{"taxonomy":"product_cat","embeddable":true,"href":"https:\/\/yoxoh.com\/index.php\/wp-json\/wp\/v2\/product_cat?post=170"},{"taxonomy":"product_tag","embeddable":true,"href":"https:\/\/yoxoh.com\/index.php\/wp-json\/wp\/v2\/product_tag?post=170"}],"curies":[{"name":"wp","href":"https:\/\/api.w.org\/{rel}","templated":true}]}}