{"id":164,"date":"2026-04-12T11:19:04","date_gmt":"2026-04-12T11:19:04","guid":{"rendered":"https:\/\/yoxoh.com\/?post_type=product&#038;p=164"},"modified":"2026-04-12T17:47:54","modified_gmt":"2026-04-12T17:47:54","slug":"t-shirt-club-tennis","status":"publish","type":"product","link":"https:\/\/yoxoh.com\/index.php\/produit\/t-shirt-club-tennis\/","title":{"rendered":"T-shirt Club Tennis"},"content":{"rendered":"<p data-start=\"597\" data-end=\"751\">C\u00f4t\u00e9 coupe et mati\u00e8re :<br data-start=\"544\" data-end=\"547\" \/>100% coton Ringspun pour un toucher doux et confortable.<br data-start=\"603\" data-end=\"606\" \/>190 g\/m\u00b2 pour un tomb\u00e9 structur\u00e9 et une tenue durable.<\/p>\n","protected":false},"excerpt":{"rendered":"<p data-start=\"150\" data-end=\"262\"><strong>Bienvenue dans le club.<\/strong><br data-start=\"173\" data-end=\"176\" \/>Celui des balles lift\u00e9es, des revers slic\u00e9s et des matchs qui basculent sur un d\u00e9tail.<\/p>\n<p data-start=\"264\" data-end=\"442\">Le t-shirt <strong data-start=\"275\" data-end=\"290\">Club Tennis<\/strong> est pens\u00e9 pour les passionn\u00e9s du court, ceux qui vivent chaque \u00e9change avec intensit\u00e9 et qui savent qu\u2019un point peut \u00eatre aussi esth\u00e9tique que d\u00e9cisif.<\/p>\n<p data-start=\"444\" data-end=\"519\"><strong>\u00c0 s\u2019offrir ou \u00e0 offrir \u00e0 un autre passionn\u00e9.<\/strong><\/p>\n<h5 data-start=\"165\" data-end=\"292\"><\/h5>\n<p data-start=\"165\" data-end=\"292\">\n","protected":false},"featured_media":179,"comment_status":"open","ping_status":"closed","template":"","meta":{"site-sidebar-layout":"default","site-content-layout":"","ast-site-content-layout":"default","site-content-style":"default","site-sidebar-style":"default","ast-global-header-display":"","ast-banner-title-visibility":"","ast-main-header-display":"","ast-hfb-above-header-display":"","ast-hfb-below-header-display":"","ast-hfb-mobile-header-display":"","site-post-title":"","ast-breadcrumbs-content":"","ast-featured-img":"","footer-sml-layout":"","ast-disable-related-posts":"","theme-transparent-header-meta":"default","adv-header-id-meta":"","stick-header-meta":"","header-above-stick-meta":"","header-main-stick-meta":"","header-below-stick-meta":"","astra-migrate-meta-layouts":"set","ast-page-background-enabled":"default","ast-page-background-meta":{"desktop":{"background-color":"var(--ast-global-color-5)","background-image":"","background-repeat":"repeat","background-position":"center center","background-size":"auto","background-attachment":"scroll","background-type":"","background-media":"","overlay-type":"","overlay-color":"","overlay-opacity":"","overlay-gradient":""},"tablet":{"background-color":"","background-image":"","background-repeat":"repeat","background-position":"center center","background-size":"auto","background-attachment":"scroll","background-type":"","background-media":"","overlay-type":"","overlay-color":"","overlay-opacity":"","overlay-gradient":""},"mobile":{"background-color":"","background-image":"","background-repeat":"repeat","background-position":"center center","background-size":"auto","background-attachment":"scroll","background-type":"","background-media":"","overlay-type":"","overlay-color":"","overlay-opacity":"","overlay-gradient":""}},"ast-content-background-meta":{"desktop":{"background-color":"var(--ast-global-color-4)","background-image":"","background-repeat":"repeat","background-position":"center center","background-size":"auto","background-attachment":"scroll","background-type":"","background-media":"","overlay-type":"","overlay-color":"","overlay-opacity":"","overlay-gradient":""},"tablet":{"background-color":"var(--ast-global-color-4)","background-image":"","background-repeat":"repeat","background-position":"center center","background-size":"auto","background-attachment":"scroll","background-type":"","background-media":"","overlay-type":"","overlay-color":"","overlay-opacity":"","overlay-gradient":""},"mobile":{"background-color":"var(--ast-global-color-4)","background-image":"","background-repeat":"repeat","background-position":"center center","background-size":"auto","background-attachment":"scroll","background-type":"","background-media":"","overlay-type":"","overlay-color":"","overlay-opacity":"","overlay-gradient":""}}},"product_brand":[],"product_cat":[16],"product_tag":[],"class_list":{"0":"post-164","1":"product","2":"type-product","3":"status-publish","4":"has-post-thumbnail","6":"product_cat-t-shirt","7":"desktop-align-left","8":"tablet-align-left","9":"mobile-align-left","11":"first","12":"instock","13":"shipping-taxable","14":"purchasable","15":"product-type-variable"},"jetpack_sharing_enabled":true,"_links":{"self":[{"href":"https:\/\/yoxoh.com\/index.php\/wp-json\/wp\/v2\/product\/164","targetHints":{"allow":["GET"]}}],"collection":[{"href":"https:\/\/yoxoh.com\/index.php\/wp-json\/wp\/v2\/product"}],"about":[{"href":"https:\/\/yoxoh.com\/index.php\/wp-json\/wp\/v2\/types\/product"}],"replies":[{"embeddable":true,"href":"https:\/\/yoxoh.com\/index.php\/wp-json\/wp\/v2\/comments?post=164"}],"wp:featuredmedia":[{"embeddable":true,"href":"https:\/\/yoxoh.com\/index.php\/wp-json\/wp\/v2\/media\/179"}],"wp:attachment":[{"href":"https:\/\/yoxoh.com\/index.php\/wp-json\/wp\/v2\/media?parent=164"}],"wp:term":[{"taxonomy":"product_brand","embeddable":true,"href":"https:\/\/yoxoh.com\/index.php\/wp-json\/wp\/v2\/product_brand?post=164"},{"taxonomy":"product_cat","embeddable":true,"href":"https:\/\/yoxoh.com\/index.php\/wp-json\/wp\/v2\/product_cat?post=164"},{"taxonomy":"product_tag","embeddable":true,"href":"https:\/\/yoxoh.com\/index.php\/wp-json\/wp\/v2\/product_tag?post=164"}],"curies":[{"name":"wp","href":"https:\/\/api.w.org\/{rel}","templated":true}]}}