{"id":120,"date":"2026-04-09T13:53:51","date_gmt":"2026-04-09T13:53:51","guid":{"rendered":"https:\/\/yoxoh.com\/?post_type=product&#038;p=120"},"modified":"2026-04-12T18:47:14","modified_gmt":"2026-04-12T18:47:14","slug":"club-running","status":"publish","type":"product","link":"https:\/\/yoxoh.com\/index.php\/produit\/club-running\/","title":{"rendered":"T-Shirt Club Running"},"content":{"rendered":"<p data-start=\"2672\" data-end=\"2796\">C\u00f4t\u00e9 coupe et mati\u00e8re :<br data-start=\"2695\" data-end=\"2698\" \/>100% coton Ringspun pour une douceur optimale.<br data-start=\"2744\" data-end=\"2747\" \/>190 g\/m\u00b2 pour un maintien durable.<\/p>\n","protected":false},"excerpt":{"rendered":"<p data-start=\"2319\" data-end=\"2426\"><strong>Bienvenue dans le club.<\/strong><br data-start=\"2342\" data-end=\"2345\" \/>Celui o\u00f9 l\u2019on court pour se d\u00e9passer, pour s\u2019\u00e9vader, ou simplement pour respirer.<\/p>\n<p data-start=\"2428\" data-end=\"2603\">Le t-shirt <strong data-start=\"2439\" data-end=\"2455\">Club Running<\/strong> accompagne les runners du matin, du soir, du dimanche ou de tous les jours. Ceux qui savent que le plus dur, c\u2019est de partir\u2026 et que le reste suit.<\/p>\n<p data-start=\"2605\" data-end=\"2670\"><strong>\u00c0 s\u2019offrir ou \u00e0 offrir \u00e0 celui qui a des fourmis dans les jambes.<\/strong><\/p>\n","protected":false},"featured_media":208,"comment_status":"open","ping_status":"closed","template":"","meta":{"site-sidebar-layout":"default","site-content-layout":"","ast-site-content-layout":"default","site-content-style":"default","site-sidebar-style":"default","ast-global-header-display":"","ast-banner-title-visibility":"","ast-main-header-display":"","ast-hfb-above-header-display":"","ast-hfb-below-header-display":"","ast-hfb-mobile-header-display":"","site-post-title":"","ast-breadcrumbs-content":"","ast-featured-img":"","footer-sml-layout":"","ast-disable-related-posts":"","theme-transparent-header-meta":"default","adv-header-id-meta":"","stick-header-meta":"","header-above-stick-meta":"","header-main-stick-meta":"","header-below-stick-meta":"","astra-migrate-meta-layouts":"set","ast-page-background-enabled":"default","ast-page-background-meta":{"desktop":{"background-color":"var(--ast-global-color-5)","background-image":"","background-repeat":"repeat","background-position":"center center","background-size":"auto","background-attachment":"scroll","background-type":"","background-media":"","overlay-type":"","overlay-color":"","overlay-opacity":"","overlay-gradient":""},"tablet":{"background-color":"","background-image":"","background-repeat":"repeat","background-position":"center center","background-size":"auto","background-attachment":"scroll","background-type":"","background-media":"","overlay-type":"","overlay-color":"","overlay-opacity":"","overlay-gradient":""},"mobile":{"background-color":"","background-image":"","background-repeat":"repeat","background-position":"center center","background-size":"auto","background-attachment":"scroll","background-type":"","background-media":"","overlay-type":"","overlay-color":"","overlay-opacity":"","overlay-gradient":""}},"ast-content-background-meta":{"desktop":{"background-color":"var(--ast-global-color-4)","background-image":"","background-repeat":"repeat","background-position":"center center","background-size":"auto","background-attachment":"scroll","background-type":"","background-media":"","overlay-type":"","overlay-color":"","overlay-opacity":"","overlay-gradient":""},"tablet":{"background-color":"var(--ast-global-color-4)","background-image":"","background-repeat":"repeat","background-position":"center center","background-size":"auto","background-attachment":"scroll","background-type":"","background-media":"","overlay-type":"","overlay-color":"","overlay-opacity":"","overlay-gradient":""},"mobile":{"background-color":"var(--ast-global-color-4)","background-image":"","background-repeat":"repeat","background-position":"center center","background-size":"auto","background-attachment":"scroll","background-type":"","background-media":"","overlay-type":"","overlay-color":"","overlay-opacity":"","overlay-gradient":""}}},"product_brand":[],"product_cat":[16],"product_tag":[],"class_list":{"0":"post-120","1":"product","2":"type-product","3":"status-publish","4":"has-post-thumbnail","6":"product_cat-t-shirt","7":"desktop-align-left","8":"tablet-align-left","9":"mobile-align-left","11":"first","12":"instock","13":"shipping-taxable","14":"purchasable","15":"product-type-variable"},"jetpack_sharing_enabled":true,"_links":{"self":[{"href":"https:\/\/yoxoh.com\/index.php\/wp-json\/wp\/v2\/product\/120","targetHints":{"allow":["GET"]}}],"collection":[{"href":"https:\/\/yoxoh.com\/index.php\/wp-json\/wp\/v2\/product"}],"about":[{"href":"https:\/\/yoxoh.com\/index.php\/wp-json\/wp\/v2\/types\/product"}],"replies":[{"embeddable":true,"href":"https:\/\/yoxoh.com\/index.php\/wp-json\/wp\/v2\/comments?post=120"}],"wp:featuredmedia":[{"embeddable":true,"href":"https:\/\/yoxoh.com\/index.php\/wp-json\/wp\/v2\/media\/208"}],"wp:attachment":[{"href":"https:\/\/yoxoh.com\/index.php\/wp-json\/wp\/v2\/media?parent=120"}],"wp:term":[{"taxonomy":"product_brand","embeddable":true,"href":"https:\/\/yoxoh.com\/index.php\/wp-json\/wp\/v2\/product_brand?post=120"},{"taxonomy":"product_cat","embeddable":true,"href":"https:\/\/yoxoh.com\/index.php\/wp-json\/wp\/v2\/product_cat?post=120"},{"taxonomy":"product_tag","embeddable":true,"href":"https:\/\/yoxoh.com\/index.php\/wp-json\/wp\/v2\/product_tag?post=120"}],"curies":[{"name":"wp","href":"https:\/\/api.w.org\/{rel}","templated":true}]}}