{"id":114,"date":"2026-04-09T13:38:55","date_gmt":"2026-04-09T13:38:55","guid":{"rendered":"https:\/\/yoxoh.com\/?post_type=product&#038;p=114"},"modified":"2026-04-12T17:54:13","modified_gmt":"2026-04-12T17:54:13","slug":"club-golf","status":"publish","type":"product","link":"https:\/\/yoxoh.com\/index.php\/produit\/club-golf\/","title":{"rendered":"T-Shirt Club Golf"},"content":{"rendered":"<p data-start=\"125\" data-end=\"270\">C\u00f4t\u00e9 coupe et mati\u00e8re :<br data-start=\"1144\" data-end=\"1147\" \/>100% coton Ringspun pour un confort premium.<br data-start=\"1191\" data-end=\"1194\" \/>190 g\/m\u00b2 pour un tomb\u00e9 net et une durabilit\u00e9 \u00e0 toute \u00e9preuve.<\/p>\n","protected":false},"excerpt":{"rendered":"<p data-start=\"795\" data-end=\"904\"><strong>Entrez dans le club.<\/strong><br data-start=\"815\" data-end=\"818\" \/>Celui o\u00f9 le silence pr\u00e9c\u00e8de le swing, et o\u00f9 chaque parcours est une qu\u00eate personnelle.<\/p>\n<p data-start=\"906\" data-end=\"1064\">Le t-shirt <strong data-start=\"917\" data-end=\"930\">Club Golf<\/strong> rend hommage aux amoureux du green, aux perfectionnistes du geste et aux passionn\u00e9s qui savent qu\u2019un bon swing commence dans la t\u00eate.<\/p>\n<p data-start=\"1066\" data-end=\"1119\"><strong>\u00c0 s\u2019offrir ou \u00e0 offrir \u00e0 celui qui parle en handicap.<br \/>\n<\/strong>100% coton Ringspun pour un confort premium.<br data-start=\"1191\" data-end=\"1194\" \/>190 g\/m\u00b2 pour un tomb\u00e9 net et une durabilit\u00e9 \u00e0 toute \u00e9preuve.<\/p>\n","protected":false},"featured_media":192,"comment_status":"open","ping_status":"closed","template":"","meta":{"site-sidebar-layout":"default","site-content-layout":"","ast-site-content-layout":"default","site-content-style":"default","site-sidebar-style":"default","ast-global-header-display":"","ast-banner-title-visibility":"","ast-main-header-display":"","ast-hfb-above-header-display":"","ast-hfb-below-header-display":"","ast-hfb-mobile-header-display":"","site-post-title":"","ast-breadcrumbs-content":"","ast-featured-img":"","footer-sml-layout":"","ast-disable-related-posts":"","theme-transparent-header-meta":"default","adv-header-id-meta":"","stick-header-meta":"","header-above-stick-meta":"","header-main-stick-meta":"","header-below-stick-meta":"","astra-migrate-meta-layouts":"set","ast-page-background-enabled":"default","ast-page-background-meta":{"desktop":{"background-color":"var(--ast-global-color-5)","background-image":"","background-repeat":"repeat","background-position":"center center","background-size":"auto","background-attachment":"scroll","background-type":"","background-media":"","overlay-type":"","overlay-color":"","overlay-opacity":"","overlay-gradient":""},"tablet":{"background-color":"","background-image":"","background-repeat":"repeat","background-position":"center center","background-size":"auto","background-attachment":"scroll","background-type":"","background-media":"","overlay-type":"","overlay-color":"","overlay-opacity":"","overlay-gradient":""},"mobile":{"background-color":"","background-image":"","background-repeat":"repeat","background-position":"center center","background-size":"auto","background-attachment":"scroll","background-type":"","background-media":"","overlay-type":"","overlay-color":"","overlay-opacity":"","overlay-gradient":""}},"ast-content-background-meta":{"desktop":{"background-color":"var(--ast-global-color-4)","background-image":"","background-repeat":"repeat","background-position":"center center","background-size":"auto","background-attachment":"scroll","background-type":"","background-media":"","overlay-type":"","overlay-color":"","overlay-opacity":"","overlay-gradient":""},"tablet":{"background-color":"var(--ast-global-color-4)","background-image":"","background-repeat":"repeat","background-position":"center center","background-size":"auto","background-attachment":"scroll","background-type":"","background-media":"","overlay-type":"","overlay-color":"","overlay-opacity":"","overlay-gradient":""},"mobile":{"background-color":"var(--ast-global-color-4)","background-image":"","background-repeat":"repeat","background-position":"center center","background-size":"auto","background-attachment":"scroll","background-type":"","background-media":"","overlay-type":"","overlay-color":"","overlay-opacity":"","overlay-gradient":""}}},"product_brand":[],"product_cat":[16],"product_tag":[],"class_list":{"0":"post-114","1":"product","2":"type-product","3":"status-publish","4":"has-post-thumbnail","6":"product_cat-t-shirt","7":"desktop-align-left","8":"tablet-align-left","9":"mobile-align-left","11":"first","12":"instock","13":"shipping-taxable","14":"purchasable","15":"product-type-variable"},"jetpack_sharing_enabled":true,"_links":{"self":[{"href":"https:\/\/yoxoh.com\/index.php\/wp-json\/wp\/v2\/product\/114","targetHints":{"allow":["GET"]}}],"collection":[{"href":"https:\/\/yoxoh.com\/index.php\/wp-json\/wp\/v2\/product"}],"about":[{"href":"https:\/\/yoxoh.com\/index.php\/wp-json\/wp\/v2\/types\/product"}],"replies":[{"embeddable":true,"href":"https:\/\/yoxoh.com\/index.php\/wp-json\/wp\/v2\/comments?post=114"}],"wp:featuredmedia":[{"embeddable":true,"href":"https:\/\/yoxoh.com\/index.php\/wp-json\/wp\/v2\/media\/192"}],"wp:attachment":[{"href":"https:\/\/yoxoh.com\/index.php\/wp-json\/wp\/v2\/media?parent=114"}],"wp:term":[{"taxonomy":"product_brand","embeddable":true,"href":"https:\/\/yoxoh.com\/index.php\/wp-json\/wp\/v2\/product_brand?post=114"},{"taxonomy":"product_cat","embeddable":true,"href":"https:\/\/yoxoh.com\/index.php\/wp-json\/wp\/v2\/product_cat?post=114"},{"taxonomy":"product_tag","embeddable":true,"href":"https:\/\/yoxoh.com\/index.php\/wp-json\/wp\/v2\/product_tag?post=114"}],"curies":[{"name":"wp","href":"https:\/\/api.w.org\/{rel}","templated":true}]}}