{"id":256,"date":"2026-04-14T14:07:26","date_gmt":"2026-04-14T14:07:26","guid":{"rendered":"https:\/\/yoxoh.com\/?page_id=256"},"modified":"2026-04-14T14:07:26","modified_gmt":"2026-04-14T14:07:26","slug":"qui-sommes-nous","status":"publish","type":"page","link":"https:\/\/yoxoh.com\/index.php\/qui-sommes-nous\/","title":{"rendered":"Qui sommes-nous ?"},"content":{"rendered":"\n<details class=\"wp-block-details is-layout-flow wp-block-details-is-layout-flow\"><summary>YOXOH est n\u00e9 d\u2019une id\u00e9e simple :<br>et si le sport quittait le terrain pour devenir un style ?<br>Pas celui de la performance \u00e0 tout prix.<br>Mais celui des moments qu\u2019on garde : un match entre amis, une partie qui s\u2019\u00e9ternise, une sortie improvis\u00e9e, un rituel du dimanche.<br>Chez YOXOH, on s\u2019int\u00e9resse \u00e0 ces sports qu\u2019on pratique par plaisir, par habitude, parfois par obsession.<br>Ceux qui cr\u00e9ent des clubs invisibles \u2014 des communaut\u00e9s o\u00f9 l\u2019on se reconna\u00eet sans se parler.<br>Notre terrain de jeu, c\u2019est le graphisme.<br>On puise dans l\u2019esth\u00e9tique vintage pour cr\u00e9er des visuels qui racontent quelque chose : une \u00e9poque, une ambiance, une sensation.<br>Des designs pens\u00e9s comme des affiches\u2026 que l\u2019on porte.<br>Chaque pi\u00e8ce est produite avec attention, en petites s\u00e9ries, loin des logiques industrielles.<br>On prend le temps de bien faire \u2014 c\u2019est aussi pour \u00e7a que nos d\u00e9lais sont de 8 \u00e0 10 jours.<br>YOXOH, c\u2019est une marque pour ceux qui jouent le jeu.<br>Pour ceux qui savent qu\u2019un sport, m\u00eame amateur, peut devenir une signature.<br><strong>Wear the game.<\/strong><\/summary>\n<p><\/p>\n<\/details>\n\n\n\n<p><\/p>\n","protected":false},"excerpt":{"rendered":"","protected":false},"author":1,"featured_media":0,"parent":0,"menu_order":0,"comment_status":"closed","ping_status":"closed","template":"","meta":{"site-sidebar-layout":"default","site-content-layout":"","ast-site-content-layout":"default","site-content-style":"default","site-sidebar-style":"default","ast-global-header-display":"","ast-banner-title-visibility":"","ast-main-header-display":"","ast-hfb-above-header-display":"","ast-hfb-below-header-display":"","ast-hfb-mobile-header-display":"","site-post-title":"","ast-breadcrumbs-content":"","ast-featured-img":"","footer-sml-layout":"","ast-disable-related-posts":"","theme-transparent-header-meta":"","adv-header-id-meta":"","stick-header-meta":"","header-above-stick-meta":"","header-main-stick-meta":"","header-below-stick-meta":"","astra-migrate-meta-layouts":"default","ast-page-background-enabled":"default","ast-page-background-meta":{"desktop":{"background-color":"var(--ast-global-color-5)","background-image":"","background-repeat":"repeat","background-position":"center center","background-size":"auto","background-attachment":"scroll","background-type":"","background-media":"","overlay-type":"","overlay-color":"","overlay-opacity":"","overlay-gradient":""},"tablet":{"background-color":"","background-image":"","background-repeat":"repeat","background-position":"center center","background-size":"auto","background-attachment":"scroll","background-type":"","background-media":"","overlay-type":"","overlay-color":"","overlay-opacity":"","overlay-gradient":""},"mobile":{"background-color":"","background-image":"","background-repeat":"repeat","background-position":"center center","background-size":"auto","background-attachment":"scroll","background-type":"","background-media":"","overlay-type":"","overlay-color":"","overlay-opacity":"","overlay-gradient":""}},"ast-content-background-meta":{"desktop":{"background-color":"var(--ast-global-color-4)","background-image":"","background-repeat":"repeat","background-position":"center center","background-size":"auto","background-attachment":"scroll","background-type":"","background-media":"","overlay-type":"","overlay-color":"","overlay-opacity":"","overlay-gradient":""},"tablet":{"background-color":"var(--ast-global-color-4)","background-image":"","background-repeat":"repeat","background-position":"center center","background-size":"auto","background-attachment":"scroll","background-type":"","background-media":"","overlay-type":"","overlay-color":"","overlay-opacity":"","overlay-gradient":""},"mobile":{"background-color":"var(--ast-global-color-4)","background-image":"","background-repeat":"repeat","background-position":"center center","background-size":"auto","background-attachment":"scroll","background-type":"","background-media":"","overlay-type":"","overlay-color":"","overlay-opacity":"","overlay-gradient":""}},"footnotes":""},"class_list":["post-256","page","type-page","status-publish","hentry"],"jetpack_sharing_enabled":true,"_links":{"self":[{"href":"https:\/\/yoxoh.com\/index.php\/wp-json\/wp\/v2\/pages\/256","targetHints":{"allow":["GET"]}}],"collection":[{"href":"https:\/\/yoxoh.com\/index.php\/wp-json\/wp\/v2\/pages"}],"about":[{"href":"https:\/\/yoxoh.com\/index.php\/wp-json\/wp\/v2\/types\/page"}],"author":[{"embeddable":true,"href":"https:\/\/yoxoh.com\/index.php\/wp-json\/wp\/v2\/users\/1"}],"replies":[{"embeddable":true,"href":"https:\/\/yoxoh.com\/index.php\/wp-json\/wp\/v2\/comments?post=256"}],"version-history":[{"count":1,"href":"https:\/\/yoxoh.com\/index.php\/wp-json\/wp\/v2\/pages\/256\/revisions"}],"predecessor-version":[{"id":257,"href":"https:\/\/yoxoh.com\/index.php\/wp-json\/wp\/v2\/pages\/256\/revisions\/257"}],"wp:attachment":[{"href":"https:\/\/yoxoh.com\/index.php\/wp-json\/wp\/v2\/media?parent=256"}],"curies":[{"name":"wp","href":"https:\/\/api.w.org\/{rel}","templated":true}]}}