{"id":253,"date":"2026-04-14T14:04:32","date_gmt":"2026-04-14T14:04:32","guid":{"rendered":"https:\/\/yoxoh.com\/?page_id=253"},"modified":"2026-04-14T16:28:19","modified_gmt":"2026-04-14T16:28:19","slug":"personnalisation","status":"publish","type":"page","link":"https:\/\/yoxoh.com\/index.php\/personnalisation\/","title":{"rendered":"Personnalisation"},"content":{"rendered":"\n<div class=\"wp-block-media-text is-stacked-on-mobile\"><figure class=\"wp-block-media-text__media\"><img fetchpriority=\"high\" decoding=\"async\" width=\"375\" height=\"172\" src=\"http:\/\/yoxoh.com\/wp-content\/uploads\/2026\/02\/cropped-logo-yoxoh-100.jpg\" alt=\"\" class=\"wp-image-7 size-full\" srcset=\"https:\/\/yoxoh.com\/wp-content\/uploads\/2026\/02\/cropped-logo-yoxoh-100.jpg 375w, https:\/\/yoxoh.com\/wp-content\/uploads\/2026\/02\/cropped-logo-yoxoh-100-300x138.jpg 300w\" sizes=\"(max-width: 375px) 100vw, 375px\" \/><\/figure><div class=\"wp-block-media-text__content\">\n<p><strong>Personnalisation<\/strong><\/p>\n\n\n\n<p>Et si le club n\u2019existait pas encore ?<br>On peut le cr\u00e9er.<\/p>\n\n\n\n<p>Chez YOXOH, on vous propose de personnaliser votre t-shirt en gardant ce qui fait notre signature :<br>un design vintage, une vraie identit\u00e9 graphique\u2026 et l\u2019esprit \u201cclub\u201d.<\/p>\n\n\n\n<p>Le principe est simple :<br>vous choisissez votre terrain de jeu, on s\u2019occupe du reste.<\/p>\n\n\n\n<p><strong>Club Poker. Club Vin. Club C\u00e9libataire. Club EVJF. Club du Dimanche.<\/strong><br>S\u00e9rieux ou compl\u00e8tement second degr\u00e9 \u2014 tant que \u00e7a vous ressemble.<\/p>\n\n\n\n<p>Chaque cr\u00e9ation est int\u00e9gr\u00e9e dans notre univers visuel pour rester fid\u00e8le \u00e0 l\u2019ADN YOXOH :<br>un rendu propre, styl\u00e9, intemporel. Pas un gadget, une vraie pi\u00e8ce.<\/p>\n\n\n\n<p>\u00c0 offrir ou \u00e0 s\u2019offrir, pour marquer un moment, un groupe, une occasion.<br>Ou juste pour officialiser un club\u2026 qui n\u2019attendait que \u00e7a.<\/p>\n\n\n\n<p>Production toujours en petites s\u00e9ries, avec le m\u00eame soin.<br>Comptez <strong>10 \u00e0 15 jours<\/strong> pour recevoir votre pi\u00e8ce personnalis\u00e9e.<\/p>\n\n\n\n<p><strong>Votre club. Vos r\u00e8gles. Votre t-shirt.<\/strong><\/p>\n<\/div><\/div>\n","protected":false},"excerpt":{"rendered":"<p>Personnalisation Et si le club n\u2019existait pas encore ?On peut le cr\u00e9er. Chez YOXOH, on vous propose de personnaliser votre [&hellip;]<\/p>\n","protected":false},"author":1,"featured_media":0,"parent":0,"menu_order":0,"comment_status":"closed","ping_status":"closed","template":"","meta":{"site-sidebar-layout":"default","site-content-layout":"","ast-site-content-layout":"default","site-content-style":"default","site-sidebar-style":"default","ast-global-header-display":"","ast-banner-title-visibility":"","ast-main-header-display":"","ast-hfb-above-header-display":"","ast-hfb-below-header-display":"","ast-hfb-mobile-header-display":"","site-post-title":"","ast-breadcrumbs-content":"","ast-featured-img":"","footer-sml-layout":"","ast-disable-related-posts":"","theme-transparent-header-meta":"","adv-header-id-meta":"","stick-header-meta":"","header-above-stick-meta":"","header-main-stick-meta":"","header-below-stick-meta":"","astra-migrate-meta-layouts":"default","ast-page-background-enabled":"default","ast-page-background-meta":{"desktop":{"background-color":"var(--ast-global-color-5)","background-image":"","background-repeat":"repeat","background-position":"center center","background-size":"auto","background-attachment":"scroll","background-type":"","background-media":"","overlay-type":"","overlay-color":"","overlay-opacity":"","overlay-gradient":""},"tablet":{"background-color":"","background-image":"","background-repeat":"repeat","background-position":"center center","background-size":"auto","background-attachment":"scroll","background-type":"","background-media":"","overlay-type":"","overlay-color":"","overlay-opacity":"","overlay-gradient":""},"mobile":{"background-color":"","background-image":"","background-repeat":"repeat","background-position":"center center","background-size":"auto","background-attachment":"scroll","background-type":"","background-media":"","overlay-type":"","overlay-color":"","overlay-opacity":"","overlay-gradient":""}},"ast-content-background-meta":{"desktop":{"background-color":"var(--ast-global-color-4)","background-image":"","background-repeat":"repeat","background-position":"center center","background-size":"auto","background-attachment":"scroll","background-type":"","background-media":"","overlay-type":"","overlay-color":"","overlay-opacity":"","overlay-gradient":""},"tablet":{"background-color":"var(--ast-global-color-4)","background-image":"","background-repeat":"repeat","background-position":"center center","background-size":"auto","background-attachment":"scroll","background-type":"","background-media":"","overlay-type":"","overlay-color":"","overlay-opacity":"","overlay-gradient":""},"mobile":{"background-color":"var(--ast-global-color-4)","background-image":"","background-repeat":"repeat","background-position":"center center","background-size":"auto","background-attachment":"scroll","background-type":"","background-media":"","overlay-type":"","overlay-color":"","overlay-opacity":"","overlay-gradient":""}},"footnotes":""},"class_list":["post-253","page","type-page","status-publish","hentry"],"jetpack_sharing_enabled":true,"_links":{"self":[{"href":"https:\/\/yoxoh.com\/index.php\/wp-json\/wp\/v2\/pages\/253","targetHints":{"allow":["GET"]}}],"collection":[{"href":"https:\/\/yoxoh.com\/index.php\/wp-json\/wp\/v2\/pages"}],"about":[{"href":"https:\/\/yoxoh.com\/index.php\/wp-json\/wp\/v2\/types\/page"}],"author":[{"embeddable":true,"href":"https:\/\/yoxoh.com\/index.php\/wp-json\/wp\/v2\/users\/1"}],"replies":[{"embeddable":true,"href":"https:\/\/yoxoh.com\/index.php\/wp-json\/wp\/v2\/comments?post=253"}],"version-history":[{"count":2,"href":"https:\/\/yoxoh.com\/index.php\/wp-json\/wp\/v2\/pages\/253\/revisions"}],"predecessor-version":[{"id":258,"href":"https:\/\/yoxoh.com\/index.php\/wp-json\/wp\/v2\/pages\/253\/revisions\/258"}],"wp:attachment":[{"href":"https:\/\/yoxoh.com\/index.php\/wp-json\/wp\/v2\/media?parent=253"}],"curies":[{"name":"wp","href":"https:\/\/api.w.org\/{rel}","templated":true}]}}